{"id":43181,"date":"2024-03-27T14:46:09","date_gmt":"2024-03-27T13:46:09","guid":{"rendered":"https:\/\/www.schaebens.de\/notre-engagement-ecologique\/"},"modified":"2024-06-21T11:16:04","modified_gmt":"2024-06-21T09:16:04","slug":"notre-engagement-ecologique","status":"publish","type":"page","link":"https:\/\/www.schaebens.de\/fr\/notre-engagement-ecologique\/","title":{"rendered":"Notre engagement \u00e9cologique"},"content":{"rendered":"<div class=\"wpb-content-wrapper\"><p>[vc_row full_width=\u00a0\u00bbstretch_row\u00a0\u00bb css=\u00a0\u00bb.vc_custom_1718917643224{background-image: url(https:\/\/www.schaebens.de\/wp-content\/uploads\/2020\/04\/Header-Edit-scaled.jpg?id=15379) !important;background-position: center !important;background-repeat: no-repeat !important;background-size: cover !important;}\u00a0\u00bb][vc_column][vc_empty_space height=\u00a0\u00bb30px\u00a0\u00bb][vc_single_image image=\u00a0\u00bb5776&Prime; img_size=\u00a0\u00bbmedium\u00a0\u00bb alignment=\u00a0\u00bbcenter\u00a0\u00bb][vc_column_text]<\/p>\n<h1 style=\"text-align: center;\"><span style=\"color: #ffffff;\">Notre engagement \u00e9cologique<\/span><\/h1>\n<p>[\/vc_column_text][vc_empty_space height=\u00a0\u00bb200px\u00a0\u00bb][\/vc_column][\/vc_row][vc_row gap=\u00a0\u00bb20&Prime; css=\u00a0\u00bb.vc_custom_1718917789820{margin-top: -200px !important;padding-top: 20px !important;}\u00a0\u00bb][vc_column width=\u00a0\u00bb1\/3&Prime; css=\u00a0\u00bb.vc_custom_1718915147272{background-color: #efefef !important;}\u00a0\u00bb][vc_single_image image=\u00a0\u00bb44778&Prime; img_size=\u00a0\u00bbmedium\u00a0\u00bb alignment=\u00a0\u00bbcenter\u00a0\u00bb style=\u00a0\u00bbvc_box_circle_2&Prime;][vc_column_text]<\/p>\n<h3 style=\"text-align: center;\"><strong>0% de microplastiques<\/strong><\/h3>\n<p style=\"text-align: center;\">En tant que fabricant de produits cosm\u00e9tiques, nous sommes conscients de notre responsabilit\u00e9 envers les consommateurs et l&rsquo;environnement. Rendre nos produits plus respectueux de l&rsquo;environnement est une d\u00e9marche permanente de notre entreprise. D\u00e8s 2014 nous avons pris l&rsquo;initiative d&rsquo;\u00e9liminer les microplastiques de tous nos produits cosm\u00e9tiques. Ainsi, depuis octobre 2015, toutes nos formules cosm\u00e9tiques sont 100% exemptes de microplastiques, contribuant ainsi \u00e0 la pr\u00e9servation de notre environnement.<\/p>\n<p>[\/vc_column_text][vc_empty_space height=\u00a0\u00bb117px\u00a0\u00bb][\/vc_column][vc_column width=\u00a0\u00bb1\/3&Prime; css=\u00a0\u00bb.vc_custom_1718915128074{background-color: #efefef !important;}\u00a0\u00bb][vc_single_image image=\u00a0\u00bb44781&Prime; img_size=\u00a0\u00bbmedium\u00a0\u00bb alignment=\u00a0\u00bbcenter\u00a0\u00bb style=\u00a0\u00bbvc_box_circle_2&Prime;][vc_column_text]<\/p>\n<h3 style=\"text-align: center;\"><strong>Neutalit\u00e9 climatique : Pr\u00e9venir, r\u00e9duire et compenser nos \u00e9mission de co2<\/strong><\/h3>\n<p style=\"text-align: center;\">L&rsquo;Accord de Paris joue un r\u00f4le d\u00e9terminant dans la lutte contre le r\u00e9chauffement climatique \u00e0 l\u2019\u00e9chelle mondiale, visant \u00e0 contenir ce dernier en dessous de 2\u00b0C. Nous prenons cette responsabilit\u00e9 tr\u00e8s au s\u00e9rieux et contribuons \u00e0 la protection climatique. Depuis le 1er ao\u00fbt 2018, tous nos produits sont climatiquement neutres, au m\u00eame titre que notre entreprise. Ceci gr\u00e2ce \u00e0 notre compensation climatique ainsi qu&rsquo;aux mesures mises en place pour r\u00e9duire et \u00e9viter nos \u00e9missions de co2.<\/p>\n<p>[\/vc_column_text][vc_empty_space height=\u00a0\u00bb65px\u00a0\u00bb][\/vc_column][vc_column width=\u00a0\u00bb1\/3&Prime; css=\u00a0\u00bb.vc_custom_1718915111179{background-color: #efefef !important;}\u00a0\u00bb][vc_single_image image=\u00a0\u00bb44784&Prime; img_size=\u00a0\u00bbmedium\u00a0\u00bb alignment=\u00a0\u00bbcenter\u00a0\u00bb style=\u00a0\u00bbvc_box_circle_2&Prime;][vc_column_text]<\/p>\n<h3 style=\"text-align: center;\"><strong>Optimisation des emballages<\/strong><\/h3>\n<p style=\"text-align: center;\">En plus de la qualit\u00e9 de nos produits et de leur facilit\u00e9 d&rsquo;utilisation, nous accordons une importance toute particuli\u00e8re \u00e0 leur aspect \u00e9cologique. Ainsi, depuis mi 2020, nous utilisons un mat\u00e9riau d&#8217;emballage composite pour la plupart de nos masques pour le visage (code de recyclage 05 &#8211; PP). L&rsquo;introduction de ce nouveau mat\u00e9riau d&#8217;emballage a permis de r\u00e9duire l&#8217;empreinte carbone de notre gamme principale de produits et d&rsquo;am\u00e9liorer sa recyclabilt\u00e9. Selon l&rsquo;analyse r\u00e9alis\u00e9e par l&rsquo;institut cyclos-HTP, la recyclabilit\u00e9 est aujourd&rsquo;hui de 93% (contre 23% avant l&rsquo;introduction du mat\u00e9riau d&#8217;emballage composite). Selon l&rsquo;\u00e9tude de l&rsquo;entreprise Climate Partner, ce changement a permis une r\u00e9duction de 60%de l&#8217;empreinte carbone de chacun de nos emballages.<\/p>\n<p>[\/vc_column_text][vc_empty_space height=\u00a0\u00bb20px\u00a0\u00bb][\/vc_column][\/vc_row][vc_row css=\u00a0\u00bb.vc_custom_1718916314219{margin-top: -20px !important;background-color: #efefef !important;}\u00a0\u00bb][vc_column width=\u00a0\u00bb1\/2&Prime;][vc_single_image image=\u00a0\u00bb44450&Prime; img_size=\u00a0\u00bbfull\u00a0\u00bb][\/vc_column][vc_column width=\u00a0\u00bb1\/2&Prime;][vc_column_text]<\/p>\n<h3 style=\"text-align: center;\"><strong>Atteindre la neutralit\u00e9 plastique par la compensation<\/strong><\/h3>\n<p style=\"text-align: center;\">Le plastique est omnipr\u00e9sent dans notre vie quotidienne et se retrouve dans pratiquement tous les foyers. Chaque ann\u00e9e, plus de 300 millions de tonnes de plastique sont produites. Par \u00ab plastique \u00bb se comprend au sens propre du terme les mati\u00e8res synth\u00e9tiques, c&rsquo;est-\u00e0-dire substances fabriqu\u00e9es artificiellement et qui n&rsquo;existent pas dans la nature. Ce qui est probl\u00e9matique, c&rsquo;est lorsque ces plastiques ne sont pas jet\u00e9es convenablement et qu&rsquo;elles se retrouvent dans la nature, notamment \u00a0dans les oc\u00e9ans.<\/p>\n<p style=\"text-align: center;\">Nous aussi nous utilisons malgr\u00e9 tout le plastique pour nos emballages, car ses avantages pr\u00e9valent encore sur ceux des mat\u00e9riaux alternatifs actuels. Toutefois, nous sommes conscients de notre responsabilit\u00e9 \u00e9cologique et nous agissons activement pour l&rsquo;\u00e9limination correcte des d\u00e9chets plastiques \u00e0 l&rsquo;\u00e9chelle mondiale. Notre collaboration avec l&rsquo;entreprise Plastic Bank a permis \u00e0 notre gamme d&rsquo;obtenir la neutralit\u00e9 plastique par compensation depuis le 1<sup>er<\/sup> juin 2019. \u00a0Cet engagement t\u00e9moigne de notre volont\u00e9 d&rsquo;att\u00e9nuer le poids \u00e9cologique du plastique tout en continuant \u00e0 profiter de ses avantages.<\/p>\n<h3 style=\"text-align: center;\"><\/h3>\n<p>[\/vc_column_text][\/vc_column][\/vc_row][vc_row css=\u00a0\u00bb.vc_custom_1718915928593{background-color: #efefef !important;}\u00a0\u00bb][vc_column width=\u00a0\u00bb1\/2&Prime;][vc_empty_space height=\u00a0\u00bb65px\u00a0\u00bb][vc_column_text]<\/p>\n<h3 style=\"text-align: center;\"><strong>La recyclabilit\u00e9 de nos produits<\/strong><\/h3>\n<p style=\"text-align: center;\">En tant que leader du soin du visage, nous avons l&rsquo;exigence d\u2019\u00eatre \u00e9galement \u00e0 la pointe en mati\u00e8re d&rsquo;\u00e9cologie et nous avons mis en place depuis plusieurs ann\u00e9es un vaste catalogue de mesures pour atteindre cet objectif.<\/p>\n<p style=\"text-align: center;\">Notre engagement envers l&rsquo;environnement se manifeste notamment par l&rsquo;am\u00e9lioration continue des emballages de nos produits, une composante essentielle de notre strat\u00e9gie commerciale en faveur de l&rsquo;\u00e9cologie.<\/p>\n<p>[\/vc_column_text][\/vc_column][vc_column width=\u00a0\u00bb1\/2&Prime;][vc_single_image image=\u00a0\u00bb44773&Prime; img_size=\u00a0\u00bbfull\u00a0\u00bb alignment=\u00a0\u00bbcenter\u00a0\u00bb][vc_empty_space height=\u00a0\u00bb40px\u00a0\u00bb][\/vc_column][\/vc_row][vc_row css=\u00a0\u00bb.vc_custom_1718918049360{background-color: #efefef !important;}\u00a0\u00bb][vc_column width=\u00a0\u00bb1\/2&Prime;][vc_single_image image=\u00a0\u00bb44454&Prime; img_size=\u00a0\u00bblarge\u00a0\u00bb][\/vc_column][vc_column width=\u00a0\u00bb1\/2&Prime;][vc_empty_space height=\u00a0\u00bb65px\u00a0\u00bb][vc_column_text]<\/p>\n<h3><\/h3>\n<h3 style=\"text-align: center;\">Notre \u00e9quipe \u00e9co-responsable<\/h3>\n<p>[\/vc_column_text][vc_column_text]<\/p>\n<p style=\"text-align: center;\"><span data-contrast=\"auto\">Le d\u00e9veloppement durable est une valeur importante de notre entreprise et est au c\u0153ur de toutes nos d\u00e9marches. Ainsi, en janvier 2023, une \u00e9quipe \u00ab\u202fd\u00e9veloppement durable\u202f\u00bb compos\u00e9e de huit collaborateurs de divers d\u00e9partements de l&rsquo;entreprise (marketing, vente, logistique, ressources humaines) a \u00e9t\u00e9 cr\u00e9\u00e9e, permettant une approche holistique des enjeux environnementaux au sein de notre entreprise. <\/span><span data-ccp-props=\"{&quot;201341983&quot;:0,&quot;335559740&quot;:259}\">\u00a0<\/span><\/p>\n<p style=\"text-align: center;\"><span data-contrast=\"auto\">Sous la direction de la Responsable du d\u00e9veloppement durable, cette \u00e9quipe sensibilise les diff\u00e9rents services et multiplie les points de contacts internes autour des th\u00e8mes environnementaux.<\/span><span data-ccp-props=\"{&quot;201341983&quot;:0,&quot;335559740&quot;:259}\">\u00a0<\/span><\/p>\n<p>[\/vc_column_text][\/vc_column][\/vc_row][vc_row full_width=\u00a0\u00bbstretch_row\u00a0\u00bb css=\u00a0\u00bb.vc_custom_1718918062917{background-image: url(https:\/\/www.schaebens.de\/wp-content\/uploads\/2020\/04\/Header-Blog-neu.jpg?id=15390) !important;background-position: center !important;background-repeat: no-repeat !important;background-size: cover !important;}\u00a0\u00bb][vc_column][vc_empty_space height=\u00a0\u00bb400px\u00a0\u00bb][\/vc_column][\/vc_row]<\/p>\n<\/div>","protected":false},"excerpt":{"rendered":"<p>[vc_row full_width=\u00a0\u00bbstretch_row\u00a0\u00bb css=\u00a0\u00bb.vc_custom_1718917643224{background-image: url(https:\/\/www.schaebens.de\/wp-content\/uploads\/2020\/04\/Header-Edit-scaled.jpg?id=15379) !important;background-position: center !important;background-repeat: no-repeat !important;background-size: cover !important;}\u00a0\u00bb][vc_column][vc_empty_space height=\u00a0\u00bb30px\u00a0\u00bb][vc_single_image image=\u00a0\u00bb5776&Prime; img_size=\u00a0\u00bbmedium\u00a0\u00bb alignment=\u00a0\u00bbcenter\u00a0\u00bb][vc_column_text] Notre engagement \u00e9cologique [\/vc_column_text][vc_empty_space height=\u00a0\u00bb200px\u00a0\u00bb][\/vc_column][\/vc_row][vc_row gap=\u00a0\u00bb20&Prime; css=\u00a0\u00bb.vc_custom_1718917789820{margin-top: -200px !important;padding-top: 20px !important;}\u00a0\u00bb][vc_column width=\u00a0\u00bb1\/3&Prime; css=\u00a0\u00bb.vc_custom_1718915147272{background-color: #efefef !important;}\u00a0\u00bb][vc_single_image image=\u00a0\u00bb44778&Prime; img_size=\u00a0\u00bbmedium\u00a0\u00bb alignment=\u00a0\u00bbcenter\u00a0\u00bb style=\u00a0\u00bbvc_box_circle_2&Prime;][vc_column_text] 0% de microplastiques En tant que [&hellip;]<\/p>\n","protected":false},"author":14,"featured_media":0,"parent":0,"menu_order":135,"comment_status":"closed","ping_status":"closed","template":"","meta":{"_acf_changed":false,"footnotes":""},"yst_prominent_words":[13518,13513,13512],"class_list":["post-43181","page","type-page","status-publish","hentry"],"acf":[],"_links":{"self":[{"href":"https:\/\/www.schaebens.de\/fr\/wp-json\/wp\/v2\/pages\/43181","targetHints":{"allow":["GET"]}}],"collection":[{"href":"https:\/\/www.schaebens.de\/fr\/wp-json\/wp\/v2\/pages"}],"about":[{"href":"https:\/\/www.schaebens.de\/fr\/wp-json\/wp\/v2\/types\/page"}],"author":[{"embeddable":true,"href":"https:\/\/www.schaebens.de\/fr\/wp-json\/wp\/v2\/users\/14"}],"replies":[{"embeddable":true,"href":"https:\/\/www.schaebens.de\/fr\/wp-json\/wp\/v2\/comments?post=43181"}],"version-history":[{"count":0,"href":"https:\/\/www.schaebens.de\/fr\/wp-json\/wp\/v2\/pages\/43181\/revisions"}],"wp:attachment":[{"href":"https:\/\/www.schaebens.de\/fr\/wp-json\/wp\/v2\/media?parent=43181"}],"wp:term":[{"taxonomy":"yst_prominent_words","embeddable":true,"href":"https:\/\/www.schaebens.de\/fr\/wp-json\/wp\/v2\/yst_prominent_words?post=43181"}],"curies":[{"name":"wp","href":"https:\/\/api.w.org\/{rel}","templated":true}]}}